{"id":36,"date":"2018-05-08T16:09:18","date_gmt":"2018-05-08T16:09:18","guid":{"rendered":"http:\/\/nings.eu\/?page_id=36"},"modified":"2026-02-25T03:20:14","modified_gmt":"2026-02-25T03:20:14","slug":"kontakt-impressum","status":"publish","type":"page","link":"https:\/\/www.nings.eu\/?page_id=36","title":{"rendered":"Kontakt &#038; Impressum"},"content":{"rendered":"<p>Inhaltlich Verantwortlicher gem\u00e4\u00df \u00a7 55 Abs. 2 RStV: Lei Ning.<\/p>\n<p>Alle Rechte und \u00c4nderungen bleiben vorbehalten.<\/p>\n<p>Trotz sorgf\u00e4ltiger inhaltlicher Kontrolle \u00fcbernehme ich keine Haftung f\u00fcr die Inhalte externer Links. F\u00fcr den Inhalt der verlinkten Seiten sind ausschlie\u00dflich deren Betreiber verantwortlich.<\/p>\n<p>Copyright und Urheberrecht: alle gezeigten Bilder sind, auch ohne dass es eines zus\u00e4tzlichen Hinweises bedarf, gem\u00e4\u00df deutschem Recht urheberrechtlich gesch\u00fctzt. Die Verwendung oder Verlinkung von Bildern dieser Internet-Domain ist nur mit ausdr\u00fccklicher schriftlicher Genehmigung zul\u00e4ssig.<\/p>\n<p><strong>Haftungshinweis:<\/strong><\/p>\n<p>Trotz sorgf\u00e4ltiger inhaltlicher Kontrolle \u00fcbernehmen wir keine Haftung f\u00fcr die Inhalte externer Links. F\u00fcr den Inhalt der verlinkten Seiten sind ausschlie\u00dflich deren Betreiber verantwortlich.<\/p>\n<p><strong><a href=\"http:\/\/nings.eu\/?page_id=33\">Datenschutzerkl\u00e4rung<\/a><\/strong><\/p>\n<p><strong>Kontakt: <\/strong><\/p>\n<p>Lei Ning<br \/>\nFranz-Simmler-Str. 18<br \/>\n77652 Offenburg<\/p>\n<p>E-Mail: lei.ning (at) outlook.com<\/p>\n","protected":false},"excerpt":{"rendered":"<p>Inhaltlich Verantwortlicher gem\u00e4\u00df \u00a7 55 Abs. 2 RStV: Lei Ning. Alle Rechte und \u00c4nderungen bleiben vorbehalten. Trotz sorgf\u00e4ltiger inhaltlicher Kontrolle \u00fcbernehme ich keine Haftung f\u00fcr die Inhalte externer Links. F\u00fcr den Inhalt der verlinkten Seiten sind ausschlie\u00dflich deren Betreiber verantwortlich. Copyright und Urheberrecht: alle gezeigten Bilder sind, auch ohne dass es eines zus\u00e4tzlichen Hinweises bedarf, &hellip; <\/p>\n<p class=\"link-more\"><a href=\"https:\/\/www.nings.eu\/?page_id=36\" class=\"more-link\">Continue reading<span class=\"screen-reader-text\"> &#8220;Kontakt &#038; Impressum&#8221;<\/span><\/a><\/p>\n","protected":false},"author":1,"featured_media":0,"parent":0,"menu_order":0,"comment_status":"closed","ping_status":"closed","template":"","meta":[],"_links":{"self":[{"href":"https:\/\/www.nings.eu\/index.php?rest_route=\/wp\/v2\/pages\/36"}],"collection":[{"href":"https:\/\/www.nings.eu\/index.php?rest_route=\/wp\/v2\/pages"}],"about":[{"href":"https:\/\/www.nings.eu\/index.php?rest_route=\/wp\/v2\/types\/page"}],"author":[{"embeddable":true,"href":"https:\/\/www.nings.eu\/index.php?rest_route=\/wp\/v2\/users\/1"}],"replies":[{"embeddable":true,"href":"https:\/\/www.nings.eu\/index.php?rest_route=%2Fwp%2Fv2%2Fcomments&post=36"}],"version-history":[{"count":6,"href":"https:\/\/www.nings.eu\/index.php?rest_route=\/wp\/v2\/pages\/36\/revisions"}],"predecessor-version":[{"id":99,"href":"https:\/\/www.nings.eu\/index.php?rest_route=\/wp\/v2\/pages\/36\/revisions\/99"}],"wp:attachment":[{"href":"https:\/\/www.nings.eu\/index.php?rest_route=%2Fwp%2Fv2%2Fmedia&parent=36"}],"curies":[{"name":"wp","href":"https:\/\/api.w.org\/{rel}","templated":true}]}}